{"id":9,"date":"2026-03-07T07:09:19","date_gmt":"2026-03-07T07:09:19","guid":{"rendered":"http:\/\/roozjuq.cluster121.hosting.ovh.net\/?page_id=9"},"modified":"2026-03-07T08:18:19","modified_gmt":"2026-03-07T08:18:19","slug":"m-avocats","status":"publish","type":"page","link":"https:\/\/meggle-avocats.com\/","title":{"rendered":"M Avocats"},"content":{"rendered":"<p>[et_pb_section fb_built=\u00a0\u00bb1&Prime; fullwidth=\u00a0\u00bbon\u00a0\u00bb _builder_version=\u00a0\u00bb4.27.6&Prime; _module_preset=\u00a0\u00bbdefault\u00a0\u00bb global_colors_info=\u00a0\u00bb{}\u00a0\u00bb][et_pb_fullwidth_image src=\u00a0\u00bbhttp:\/\/roozjuq.cluster121.hosting.ovh.net\/wp-content\/uploads\/2026\/03\/fond-decran-scaled.png\u00a0\u00bb title_text=\u00a0\u00bbfond d&rsquo;e\u0301cran\u00a0\u00bb _builder_version=\u00a0\u00bb4.27.6&Prime; _module_preset=\u00a0\u00bbdefault\u00a0\u00bb global_colors_info=\u00a0\u00bb{}\u00a0\u00bb][\/et_pb_fullwidth_image][et_pb_fullwidth_header title=\u00a0\u00bbSITE EN CONSTRUCTION\u00a0\u00bb _builder_version=\u00a0\u00bb4.27.6&Prime; _module_preset=\u00a0\u00bbdefault\u00a0\u00bb title_text_align=\u00a0\u00bbcenter\u00a0\u00bb background_color=\u00a0\u00bb#1b363d\u00a0\u00bb custom_margin=\u00a0\u00bb||-2px|||\u00a0\u00bb custom_padding=\u00a0\u00bb||233px|||\u00a0\u00bb hover_enabled=\u00a0\u00bb0&Prime; global_colors_info=\u00a0\u00bb{}\u00a0\u00bb title_font=\u00a0\u00bbneue bold||||||||\u00a0\u00bb sticky_enabled=\u00a0\u00bb0&Prime;][\/et_pb_fullwidth_header][\/et_pb_section]<\/p>\n","protected":false},"excerpt":{"rendered":"","protected":false},"author":1,"featured_media":0,"parent":0,"menu_order":0,"comment_status":"closed","ping_status":"closed","template":"","meta":{"_et_pb_use_builder":"on","_et_pb_old_content":"","_et_gb_content_width":"","footnotes":""},"class_list":["post-9","page","type-page","status-publish","hentry"],"yoast_head":"<!-- This site is optimized with the Yoast SEO plugin v27.1.1 - https:\/\/yoast.com\/product\/yoast-seo-wordpress\/ -->\n<title>M Avocats - M Avocats | Situations sensibles, n\u00e9gociation et d\u00e9cision strat\u00e9gique<\/title>\n<meta name=\"description\" content=\"M Avocats \u2013 D\u00e9cision strat\u00e9gique, n\u00e9gociation et situations sensibles\" \/>\n<meta name=\"robots\" content=\"index, follow, max-snippet:-1, max-image-preview:large, max-video-preview:-1\" \/>\n<link rel=\"canonical\" href=\"https:\/\/meggle-avocats.com\/\" \/>\n<meta property=\"og:locale\" content=\"fr_FR\" \/>\n<meta property=\"og:type\" content=\"article\" \/>\n<meta property=\"og:title\" content=\"M Avocats - M Avocats | Situations sensibles, n\u00e9gociation et d\u00e9cision strat\u00e9gique\" \/>\n<meta property=\"og:description\" content=\"M Avocats \u2013 D\u00e9cision strat\u00e9gique, n\u00e9gociation et situations sensibles\" \/>\n<meta property=\"og:url\" content=\"https:\/\/meggle-avocats.com\/\" \/>\n<meta property=\"og:site_name\" content=\"M Avocats | Situations sensibles, n\u00e9gociation et d\u00e9cision strat\u00e9gique\" \/>\n<meta property=\"article:modified_time\" content=\"2026-03-07T08:18:19+00:00\" \/>\n<meta name=\"twitter:card\" content=\"summary_large_image\" \/>\n<script type=\"application\/ld+json\" class=\"yoast-schema-graph\">{\"@context\":\"https:\/\/schema.org\",\"@graph\":[{\"@type\":\"WebPage\",\"@id\":\"https:\/\/meggle-avocats.com\/\",\"url\":\"https:\/\/meggle-avocats.com\/\",\"name\":\"M Avocats - M Avocats | Situations sensibles, n\u00e9gociation et d\u00e9cision strat\u00e9gique\",\"isPartOf\":{\"@id\":\"https:\/\/meggle-avocats.com\/#website\"},\"datePublished\":\"2026-03-07T07:09:19+00:00\",\"dateModified\":\"2026-03-07T08:18:19+00:00\",\"description\":\"M Avocats \u2013 D\u00e9cision strat\u00e9gique, n\u00e9gociation et situations sensibles\",\"breadcrumb\":{\"@id\":\"https:\/\/meggle-avocats.com\/#breadcrumb\"},\"inLanguage\":\"fr-FR\",\"potentialAction\":[{\"@type\":\"ReadAction\",\"target\":[\"https:\/\/meggle-avocats.com\/\"]}]},{\"@type\":\"BreadcrumbList\",\"@id\":\"https:\/\/meggle-avocats.com\/#breadcrumb\",\"itemListElement\":[{\"@type\":\"ListItem\",\"position\":1,\"name\":\"Accueil\",\"item\":\"https:\/\/meggle-avocats.com\/\"},{\"@type\":\"ListItem\",\"position\":2,\"name\":\"M Avocats\"}]},{\"@type\":\"WebSite\",\"@id\":\"https:\/\/meggle-avocats.com\/#website\",\"url\":\"https:\/\/meggle-avocats.com\/\",\"name\":\"M Avocats | Situations sensibles, n\u00e9gociation et d\u00e9cision strat\u00e9gique\",\"description\":\"D\u00e9cision strat\u00e9gique, n\u00e9gociation et situations sensibles\",\"publisher\":{\"@id\":\"https:\/\/meggle-avocats.com\/#organization\"},\"potentialAction\":[{\"@type\":\"SearchAction\",\"target\":{\"@type\":\"EntryPoint\",\"urlTemplate\":\"https:\/\/meggle-avocats.com\/?s={search_term_string}\"},\"query-input\":{\"@type\":\"PropertyValueSpecification\",\"valueRequired\":true,\"valueName\":\"search_term_string\"}}],\"inLanguage\":\"fr-FR\"},{\"@type\":\"Organization\",\"@id\":\"https:\/\/meggle-avocats.com\/#organization\",\"name\":\"M Avocats\",\"url\":\"https:\/\/meggle-avocats.com\/\",\"logo\":{\"@type\":\"ImageObject\",\"inLanguage\":\"fr-FR\",\"@id\":\"https:\/\/meggle-avocats.com\/#\/schema\/logo\/image\/\",\"url\":\"https:\/\/meggle-avocats.com\/wp-content\/uploads\/2026\/03\/cropped-M-seul-1.png\",\"contentUrl\":\"https:\/\/meggle-avocats.com\/wp-content\/uploads\/2026\/03\/cropped-M-seul-1.png\",\"width\":512,\"height\":512,\"caption\":\"M Avocats\"},\"image\":{\"@id\":\"https:\/\/meggle-avocats.com\/#\/schema\/logo\/image\/\"},\"sameAs\":[\"https:\/\/www.linkedin.com\/in\/jameggle\/\"]}]}<\/script>\n<!-- \/ Yoast SEO plugin. -->","yoast_head_json":{"title":"M Avocats - M Avocats | Situations sensibles, n\u00e9gociation et d\u00e9cision strat\u00e9gique","description":"M Avocats \u2013 D\u00e9cision strat\u00e9gique, n\u00e9gociation et situations sensibles","robots":{"index":"index","follow":"follow","max-snippet":"max-snippet:-1","max-image-preview":"max-image-preview:large","max-video-preview":"max-video-preview:-1"},"canonical":"https:\/\/meggle-avocats.com\/","og_locale":"fr_FR","og_type":"article","og_title":"M Avocats - M Avocats | Situations sensibles, n\u00e9gociation et d\u00e9cision strat\u00e9gique","og_description":"M Avocats \u2013 D\u00e9cision strat\u00e9gique, n\u00e9gociation et situations sensibles","og_url":"https:\/\/meggle-avocats.com\/","og_site_name":"M Avocats | Situations sensibles, n\u00e9gociation et d\u00e9cision strat\u00e9gique","article_modified_time":"2026-03-07T08:18:19+00:00","twitter_card":"summary_large_image","schema":{"@context":"https:\/\/schema.org","@graph":[{"@type":"WebPage","@id":"https:\/\/meggle-avocats.com\/","url":"https:\/\/meggle-avocats.com\/","name":"M Avocats - M Avocats | Situations sensibles, n\u00e9gociation et d\u00e9cision strat\u00e9gique","isPartOf":{"@id":"https:\/\/meggle-avocats.com\/#website"},"datePublished":"2026-03-07T07:09:19+00:00","dateModified":"2026-03-07T08:18:19+00:00","description":"M Avocats \u2013 D\u00e9cision strat\u00e9gique, n\u00e9gociation et situations sensibles","breadcrumb":{"@id":"https:\/\/meggle-avocats.com\/#breadcrumb"},"inLanguage":"fr-FR","potentialAction":[{"@type":"ReadAction","target":["https:\/\/meggle-avocats.com\/"]}]},{"@type":"BreadcrumbList","@id":"https:\/\/meggle-avocats.com\/#breadcrumb","itemListElement":[{"@type":"ListItem","position":1,"name":"Accueil","item":"https:\/\/meggle-avocats.com\/"},{"@type":"ListItem","position":2,"name":"M Avocats"}]},{"@type":"WebSite","@id":"https:\/\/meggle-avocats.com\/#website","url":"https:\/\/meggle-avocats.com\/","name":"M Avocats | Situations sensibles, n\u00e9gociation et d\u00e9cision strat\u00e9gique","description":"D\u00e9cision strat\u00e9gique, n\u00e9gociation et situations sensibles","publisher":{"@id":"https:\/\/meggle-avocats.com\/#organization"},"potentialAction":[{"@type":"SearchAction","target":{"@type":"EntryPoint","urlTemplate":"https:\/\/meggle-avocats.com\/?s={search_term_string}"},"query-input":{"@type":"PropertyValueSpecification","valueRequired":true,"valueName":"search_term_string"}}],"inLanguage":"fr-FR"},{"@type":"Organization","@id":"https:\/\/meggle-avocats.com\/#organization","name":"M Avocats","url":"https:\/\/meggle-avocats.com\/","logo":{"@type":"ImageObject","inLanguage":"fr-FR","@id":"https:\/\/meggle-avocats.com\/#\/schema\/logo\/image\/","url":"https:\/\/meggle-avocats.com\/wp-content\/uploads\/2026\/03\/cropped-M-seul-1.png","contentUrl":"https:\/\/meggle-avocats.com\/wp-content\/uploads\/2026\/03\/cropped-M-seul-1.png","width":512,"height":512,"caption":"M Avocats"},"image":{"@id":"https:\/\/meggle-avocats.com\/#\/schema\/logo\/image\/"},"sameAs":["https:\/\/www.linkedin.com\/in\/jameggle\/"]}]}},"_links":{"self":[{"href":"https:\/\/meggle-avocats.com\/index.php?rest_route=\/wp\/v2\/pages\/9","targetHints":{"allow":["GET"]}}],"collection":[{"href":"https:\/\/meggle-avocats.com\/index.php?rest_route=\/wp\/v2\/pages"}],"about":[{"href":"https:\/\/meggle-avocats.com\/index.php?rest_route=\/wp\/v2\/types\/page"}],"author":[{"embeddable":true,"href":"https:\/\/meggle-avocats.com\/index.php?rest_route=\/wp\/v2\/users\/1"}],"replies":[{"embeddable":true,"href":"https:\/\/meggle-avocats.com\/index.php?rest_route=%2Fwp%2Fv2%2Fcomments&post=9"}],"version-history":[{"count":8,"href":"https:\/\/meggle-avocats.com\/index.php?rest_route=\/wp\/v2\/pages\/9\/revisions"}],"predecessor-version":[{"id":56,"href":"https:\/\/meggle-avocats.com\/index.php?rest_route=\/wp\/v2\/pages\/9\/revisions\/56"}],"wp:attachment":[{"href":"https:\/\/meggle-avocats.com\/index.php?rest_route=%2Fwp%2Fv2%2Fmedia&parent=9"}],"curies":[{"name":"wp","href":"https:\/\/api.w.org\/{rel}","templated":true}]}}